{"id":593,"date":"2025-08-02T14:11:21","date_gmt":"2025-08-02T13:11:21","guid":{"rendered":"https:\/\/gregoirecharlier.be\/?page_id=593"},"modified":"2025-08-02T14:11:27","modified_gmt":"2025-08-02T13:11:27","slug":"articles","status":"publish","type":"page","link":"https:\/\/gregoirecharlier.be\/?page_id=593","title":{"rendered":"ARTICLES"},"content":{"rendered":"\n<p>Dans cette page vous trouverez des informations notamment techniques concernant le travail de la pierre mais aussi des r\u00e9f\u00e9rences bibliographiques utiles. Je traiterai ici des domaines relatifs \u00e0 la sculpture, \u00e0 la taille de pierre ainsi qu&rsquo;\u00e0 la gravure sur pierre. Je r\u00e9pondrai \u00e9galement de la fa\u00e7on la plus pertinente et pr\u00e9cise possible \u00e0 toutes questions.<\/p>\n","protected":false},"excerpt":{"rendered":"<p>Dans cette page vous trouverez des informations notamment techniques concernant le travail de la pierre mais aussi des r\u00e9f\u00e9rences bibliographiques [&hellip;]<\/p>\n","protected":false},"author":1,"featured_media":0,"parent":0,"menu_order":0,"comment_status":"closed","ping_status":"closed","template":"","meta":{"site-sidebar-layout":"default","site-content-layout":"","ast-site-content-layout":"default","site-content-style":"default","site-sidebar-style":"default","ast-global-header-display":"","ast-banner-title-visibility":"","ast-main-header-display":"","ast-hfb-above-header-display":"","ast-hfb-below-header-display":"","ast-hfb-mobile-header-display":"","site-post-title":"","ast-breadcrumbs-content":"","ast-featured-img":"","footer-sml-layout":"","theme-transparent-header-meta":"","adv-header-id-meta":"","stick-header-meta":"","header-above-stick-meta":"","header-main-stick-meta":"","header-below-stick-meta":"","astra-migrate-meta-layouts":"default","ast-page-background-enabled":"default","ast-page-background-meta":{"desktop":{"background-color":"var(--ast-global-color-5)","background-image":"","background-repeat":"repeat","background-position":"center center","background-size":"auto","background-attachment":"scroll","background-type":"","background-media":"","overlay-type":"","overlay-color":"","overlay-opacity":"","overlay-gradient":""},"tablet":{"background-color":"","background-image":"","background-repeat":"repeat","background-position":"center center","background-size":"auto","background-attachment":"scroll","background-type":"","background-media":"","overlay-type":"","overlay-color":"","overlay-opacity":"","overlay-gradient":""},"mobile":{"background-color":"","background-image":"","background-repeat":"repeat","background-position":"center center","background-size":"auto","background-attachment":"scroll","background-type":"","background-media":"","overlay-type":"","overlay-color":"","overlay-opacity":"","overlay-gradient":""}},"ast-content-background-meta":{"desktop":{"background-color":"var(--ast-global-color-4)","background-image":"","background-repeat":"repeat","background-position":"center center","background-size":"auto","background-attachment":"scroll","background-type":"","background-media":"","overlay-type":"","overlay-color":"","overlay-opacity":"","overlay-gradient":""},"tablet":{"background-color":"var(--ast-global-color-4)","background-image":"","background-repeat":"repeat","background-position":"center center","background-size":"auto","background-attachment":"scroll","background-type":"","background-media":"","overlay-type":"","overlay-color":"","overlay-opacity":"","overlay-gradient":""},"mobile":{"background-color":"var(--ast-global-color-4)","background-image":"","background-repeat":"repeat","background-position":"center center","background-size":"auto","background-attachment":"scroll","background-type":"","background-media":"","overlay-type":"","overlay-color":"","overlay-opacity":"","overlay-gradient":""}},"footnotes":""},"class_list":["post-593","page","type-page","status-publish","hentry"],"yoast_head":"<!-- This site is optimized with the Yoast SEO plugin v27.5 - https:\/\/yoast.com\/product\/yoast-seo-wordpress\/ -->\n<title>ARTICLES - Gr\u00e9goire Charlier<\/title>\n<meta name=\"robots\" content=\"index, follow, max-snippet:-1, max-image-preview:large, max-video-preview:-1\" \/>\n<link rel=\"canonical\" href=\"https:\/\/gregoirecharlier.be\/?page_id=593\" \/>\n<meta property=\"og:locale\" content=\"fr_FR\" \/>\n<meta property=\"og:type\" content=\"article\" \/>\n<meta property=\"og:title\" content=\"ARTICLES - Gr\u00e9goire Charlier\" \/>\n<meta property=\"og:description\" content=\"Dans cette page vous trouverez des informations notamment techniques concernant le travail de la pierre mais aussi des r\u00e9f\u00e9rences bibliographiques [&hellip;]\" \/>\n<meta property=\"og:url\" content=\"https:\/\/gregoirecharlier.be\/?page_id=593\" \/>\n<meta property=\"og:site_name\" content=\"Gr\u00e9goire Charlier\" \/>\n<meta property=\"article:modified_time\" content=\"2025-08-02T13:11:27+00:00\" \/>\n<meta name=\"twitter:card\" content=\"summary_large_image\" \/>\n<meta name=\"twitter:label1\" content=\"Dur\u00e9e de lecture estim\u00e9e\" \/>\n\t<meta name=\"twitter:data1\" content=\"1 minute\" \/>\n<script type=\"application\/ld+json\" class=\"yoast-schema-graph\">{\"@context\":\"https:\\\/\\\/schema.org\",\"@graph\":[{\"@type\":\"WebPage\",\"@id\":\"https:\\\/\\\/gregoirecharlier.be\\\/?page_id=593\",\"url\":\"https:\\\/\\\/gregoirecharlier.be\\\/?page_id=593\",\"name\":\"ARTICLES - Gr\u00e9goire Charlier\",\"isPartOf\":{\"@id\":\"https:\\\/\\\/gregoirecharlier.be\\\/#website\"},\"datePublished\":\"2025-08-02T13:11:21+00:00\",\"dateModified\":\"2025-08-02T13:11:27+00:00\",\"breadcrumb\":{\"@id\":\"https:\\\/\\\/gregoirecharlier.be\\\/?page_id=593#breadcrumb\"},\"inLanguage\":\"fr-FR\",\"potentialAction\":[{\"@type\":\"ReadAction\",\"target\":[\"https:\\\/\\\/gregoirecharlier.be\\\/?page_id=593\"]}]},{\"@type\":\"BreadcrumbList\",\"@id\":\"https:\\\/\\\/gregoirecharlier.be\\\/?page_id=593#breadcrumb\",\"itemListElement\":[{\"@type\":\"ListItem\",\"position\":1,\"name\":\"Accueil\",\"item\":\"https:\\\/\\\/gregoirecharlier.be\\\/\"},{\"@type\":\"ListItem\",\"position\":2,\"name\":\"ARTICLES\"}]},{\"@type\":\"WebSite\",\"@id\":\"https:\\\/\\\/gregoirecharlier.be\\\/#website\",\"url\":\"https:\\\/\\\/gregoirecharlier.be\\\/\",\"name\":\"Gr\u00e9goire Charlier - GCStones - Sculpture, gravure et taille de pierre\",\"description\":\"\",\"publisher\":{\"@id\":\"https:\\\/\\\/gregoirecharlier.be\\\/#\\\/schema\\\/person\\\/aef19a7a961f4b27d00d2e33b6b92908\"},\"potentialAction\":[{\"@type\":\"SearchAction\",\"target\":{\"@type\":\"EntryPoint\",\"urlTemplate\":\"https:\\\/\\\/gregoirecharlier.be\\\/?s={search_term_string}\"},\"query-input\":{\"@type\":\"PropertyValueSpecification\",\"valueRequired\":true,\"valueName\":\"search_term_string\"}}],\"inLanguage\":\"fr-FR\"},{\"@type\":[\"Person\",\"Organization\"],\"@id\":\"https:\\\/\\\/gregoirecharlier.be\\\/#\\\/schema\\\/person\\\/aef19a7a961f4b27d00d2e33b6b92908\",\"name\":\"Gr\u00e9goire Charlier\",\"image\":{\"@type\":\"ImageObject\",\"inLanguage\":\"fr-FR\",\"@id\":\"https:\\\/\\\/gregoirecharlier.be\\\/wp-content\\\/uploads\\\/2018\\\/04\\\/cropped-Greg2018_autocollant_400x300_corr.jpg\",\"url\":\"https:\\\/\\\/gregoirecharlier.be\\\/wp-content\\\/uploads\\\/2018\\\/04\\\/cropped-Greg2018_autocollant_400x300_corr.jpg\",\"contentUrl\":\"https:\\\/\\\/gregoirecharlier.be\\\/wp-content\\\/uploads\\\/2018\\\/04\\\/cropped-Greg2018_autocollant_400x300_corr.jpg\",\"width\":2000,\"height\":1500,\"caption\":\"Gr\u00e9goire Charlier\"},\"logo\":{\"@id\":\"https:\\\/\\\/gregoirecharlier.be\\\/wp-content\\\/uploads\\\/2018\\\/04\\\/cropped-Greg2018_autocollant_400x300_corr.jpg\"},\"sameAs\":[\"http:\\\/\\\/www.gregoirecharlier.be\"]}]}<\/script>\n<!-- \/ Yoast SEO plugin. -->","yoast_head_json":{"title":"ARTICLES - Gr\u00e9goire Charlier","robots":{"index":"index","follow":"follow","max-snippet":"max-snippet:-1","max-image-preview":"max-image-preview:large","max-video-preview":"max-video-preview:-1"},"canonical":"https:\/\/gregoirecharlier.be\/?page_id=593","og_locale":"fr_FR","og_type":"article","og_title":"ARTICLES - Gr\u00e9goire Charlier","og_description":"Dans cette page vous trouverez des informations notamment techniques concernant le travail de la pierre mais aussi des r\u00e9f\u00e9rences bibliographiques [&hellip;]","og_url":"https:\/\/gregoirecharlier.be\/?page_id=593","og_site_name":"Gr\u00e9goire Charlier","article_modified_time":"2025-08-02T13:11:27+00:00","twitter_card":"summary_large_image","twitter_misc":{"Dur\u00e9e de lecture estim\u00e9e":"1 minute"},"schema":{"@context":"https:\/\/schema.org","@graph":[{"@type":"WebPage","@id":"https:\/\/gregoirecharlier.be\/?page_id=593","url":"https:\/\/gregoirecharlier.be\/?page_id=593","name":"ARTICLES - Gr\u00e9goire Charlier","isPartOf":{"@id":"https:\/\/gregoirecharlier.be\/#website"},"datePublished":"2025-08-02T13:11:21+00:00","dateModified":"2025-08-02T13:11:27+00:00","breadcrumb":{"@id":"https:\/\/gregoirecharlier.be\/?page_id=593#breadcrumb"},"inLanguage":"fr-FR","potentialAction":[{"@type":"ReadAction","target":["https:\/\/gregoirecharlier.be\/?page_id=593"]}]},{"@type":"BreadcrumbList","@id":"https:\/\/gregoirecharlier.be\/?page_id=593#breadcrumb","itemListElement":[{"@type":"ListItem","position":1,"name":"Accueil","item":"https:\/\/gregoirecharlier.be\/"},{"@type":"ListItem","position":2,"name":"ARTICLES"}]},{"@type":"WebSite","@id":"https:\/\/gregoirecharlier.be\/#website","url":"https:\/\/gregoirecharlier.be\/","name":"Gr\u00e9goire Charlier - GCStones - Sculpture, gravure et taille de pierre","description":"","publisher":{"@id":"https:\/\/gregoirecharlier.be\/#\/schema\/person\/aef19a7a961f4b27d00d2e33b6b92908"},"potentialAction":[{"@type":"SearchAction","target":{"@type":"EntryPoint","urlTemplate":"https:\/\/gregoirecharlier.be\/?s={search_term_string}"},"query-input":{"@type":"PropertyValueSpecification","valueRequired":true,"valueName":"search_term_string"}}],"inLanguage":"fr-FR"},{"@type":["Person","Organization"],"@id":"https:\/\/gregoirecharlier.be\/#\/schema\/person\/aef19a7a961f4b27d00d2e33b6b92908","name":"Gr\u00e9goire Charlier","image":{"@type":"ImageObject","inLanguage":"fr-FR","@id":"https:\/\/gregoirecharlier.be\/wp-content\/uploads\/2018\/04\/cropped-Greg2018_autocollant_400x300_corr.jpg","url":"https:\/\/gregoirecharlier.be\/wp-content\/uploads\/2018\/04\/cropped-Greg2018_autocollant_400x300_corr.jpg","contentUrl":"https:\/\/gregoirecharlier.be\/wp-content\/uploads\/2018\/04\/cropped-Greg2018_autocollant_400x300_corr.jpg","width":2000,"height":1500,"caption":"Gr\u00e9goire Charlier"},"logo":{"@id":"https:\/\/gregoirecharlier.be\/wp-content\/uploads\/2018\/04\/cropped-Greg2018_autocollant_400x300_corr.jpg"},"sameAs":["http:\/\/www.gregoirecharlier.be"]}]}},"_links":{"self":[{"href":"https:\/\/gregoirecharlier.be\/index.php?rest_route=\/wp\/v2\/pages\/593","targetHints":{"allow":["GET"]}}],"collection":[{"href":"https:\/\/gregoirecharlier.be\/index.php?rest_route=\/wp\/v2\/pages"}],"about":[{"href":"https:\/\/gregoirecharlier.be\/index.php?rest_route=\/wp\/v2\/types\/page"}],"author":[{"embeddable":true,"href":"https:\/\/gregoirecharlier.be\/index.php?rest_route=\/wp\/v2\/users\/1"}],"replies":[{"embeddable":true,"href":"https:\/\/gregoirecharlier.be\/index.php?rest_route=%2Fwp%2Fv2%2Fcomments&post=593"}],"version-history":[{"count":1,"href":"https:\/\/gregoirecharlier.be\/index.php?rest_route=\/wp\/v2\/pages\/593\/revisions"}],"predecessor-version":[{"id":594,"href":"https:\/\/gregoirecharlier.be\/index.php?rest_route=\/wp\/v2\/pages\/593\/revisions\/594"}],"wp:attachment":[{"href":"https:\/\/gregoirecharlier.be\/index.php?rest_route=%2Fwp%2Fv2%2Fmedia&parent=593"}],"curies":[{"name":"wp","href":"https:\/\/api.w.org\/{rel}","templated":true}]}}